{"id":10388,"date":"2019-09-24T07:31:51","date_gmt":"2019-09-24T07:31:51","guid":{"rendered":"http:\/\/quanticalabs.com\/wp_themes4\/autoride\/?page_id=10388"},"modified":"2025-05-19T12:18:40","modified_gmt":"2025-05-19T10:18:40","slug":"accueil","status":"publish","type":"page","link":"https:\/\/goo-vtc.fr\/en\/","title":{"rendered":"Home"},"content":{"rendered":"<div class=\"wpb-content-wrapper\"><div class=\"vc_row wpb_row vc_row-fluid theme-margin-bottom-10\"><div class=\"wpb_column vc_column_container vc_col-sm-4\"><div class=\"vc_column-inner\"><div class=\"wpb_wrapper\"><h2 style=\"font-size: 34px;color: #4C878F;text-align: left\" class=\"vc_custom_heading vc_do_custom_heading theme-header-style-1\" >A reliable VTC service,<br \/>\ncomfortable and responsive<br \/>\nin \u00cele-de-France<\/h2><\/div><\/div><\/div><div class=\"wpb_column vc_column_container vc_col-sm-4\"><div class=\"vc_column-inner\"><div class=\"wpb_wrapper\"><h3 style=\"text-align: left\" class=\"vc_custom_heading vc_do_custom_heading\" >Book in just a few clicks<\/h3>\n\t<div class=\"wpb_text_column wpb_content_element\" >\n\t\t<div class=\"wpb_wrapper\">\n\t\t\t<p>No need to wait: you can plan your journey directly on our website in just a few seconds. Choose the time, the place of departure and arrival, and let us drive you.<\/p>\n\n\t\t<\/div>\n\t<\/div>\n<\/div><\/div><\/div><div class=\"wpb_column vc_column_container vc_col-sm-4\"><div class=\"vc_column-inner\"><div class=\"wpb_wrapper\"><h3 style=\"text-align: left\" class=\"vc_custom_heading vc_do_custom_heading\" >A driver at your service<\/h3>\n\t<div class=\"wpb_text_column wpb_content_element\" >\n\t\t<div class=\"wpb_wrapper\">\n\t\t\t<p>Professionalism, discretion and punctuality: Goo-VTC puts your comfort and satisfaction at the heart of every journey.<\/p>\n\n\t\t<\/div>\n\t<\/div>\n<\/div><\/div><\/div><\/div><div data-vc-full-width=\"true\" data-vc-full-width-init=\"false\" class=\"vc_row wpb_row vc_row-fluid theme-margin-bottom-30\"><div class=\"wpb_column vc_column_container vc_col-sm-12\"><div class=\"vc_column-inner\"><div class=\"wpb_wrapper\">\n\t<div  class=\"wpb_single_image wpb_content_element vc_align_left wpb_content_element  theme-image-style-3\">\n\t\t\n\t\t<figure class=\"wpb_wrapper vc_figure\">\n\t\t\t<div class=\"vc_single_image-wrapper   vc_box_border_grey\"><img loading=\"lazy\" decoding=\"async\" width=\"2560\" height=\"1709\" src=\"https:\/\/goo-vtc.fr\/wp-content\/uploads\/2025\/04\/driver-opening-door-businessman-scaled.jpg\" class=\"vc_single_image-img attachment-full\" alt=\"\" title=\"Driver opening door for businessman\" srcset=\"https:\/\/goo-vtc.fr\/wp-content\/uploads\/2025\/04\/driver-opening-door-businessman-scaled.jpg 2560w, https:\/\/goo-vtc.fr\/wp-content\/uploads\/2025\/04\/driver-opening-door-businessman-300x200.jpg 300w, https:\/\/goo-vtc.fr\/wp-content\/uploads\/2025\/04\/driver-opening-door-businessman-1024x684.jpg 1024w, https:\/\/goo-vtc.fr\/wp-content\/uploads\/2025\/04\/driver-opening-door-businessman-768x513.jpg 768w, https:\/\/goo-vtc.fr\/wp-content\/uploads\/2025\/04\/driver-opening-door-businessman-1536x1025.jpg 1536w, https:\/\/goo-vtc.fr\/wp-content\/uploads\/2025\/04\/driver-opening-door-businessman-2048x1367.jpg 2048w, https:\/\/goo-vtc.fr\/wp-content\/uploads\/2025\/04\/driver-opening-door-businessman-458x306.jpg 458w, https:\/\/goo-vtc.fr\/wp-content\/uploads\/2025\/04\/driver-opening-door-businessman-800x533.jpg 800w, https:\/\/goo-vtc.fr\/wp-content\/uploads\/2025\/04\/driver-opening-door-businessman-600x400.jpg 600w\" sizes=\"auto, (max-width: 2560px) 100vw, 2560px\" \/><\/div>\n\t\t<\/figure>\n\t<\/div>\n\n\t<div  class=\"wpb_single_image wpb_content_element vc_align_left wpb_content_element  theme-image-style-3\">\n\t\t\n\t\t<figure class=\"wpb_wrapper vc_figure\">\n\t\t\t<div class=\"vc_single_image-wrapper   vc_box_border_grey\"><img loading=\"lazy\" decoding=\"async\" width=\"2560\" height=\"1708\" src=\"https:\/\/goo-vtc.fr\/wp-content\/uploads\/2025\/04\/female-chauffeur-waits-business-people-near-minivan-taxi-scaled.jpg\" class=\"vc_single_image-img attachment-full\" alt=\"\" title=\"Female chauffeur waits for a business people near minivan taxi\" srcset=\"https:\/\/goo-vtc.fr\/wp-content\/uploads\/2025\/04\/female-chauffeur-waits-business-people-near-minivan-taxi-scaled.jpg 2560w, https:\/\/goo-vtc.fr\/wp-content\/uploads\/2025\/04\/female-chauffeur-waits-business-people-near-minivan-taxi-300x200.jpg 300w, https:\/\/goo-vtc.fr\/wp-content\/uploads\/2025\/04\/female-chauffeur-waits-business-people-near-minivan-taxi-1024x683.jpg 1024w, https:\/\/goo-vtc.fr\/wp-content\/uploads\/2025\/04\/female-chauffeur-waits-business-people-near-minivan-taxi-768x512.jpg 768w, https:\/\/goo-vtc.fr\/wp-content\/uploads\/2025\/04\/female-chauffeur-waits-business-people-near-minivan-taxi-1536x1025.jpg 1536w, https:\/\/goo-vtc.fr\/wp-content\/uploads\/2025\/04\/female-chauffeur-waits-business-people-near-minivan-taxi-2048x1366.jpg 2048w, https:\/\/goo-vtc.fr\/wp-content\/uploads\/2025\/04\/female-chauffeur-waits-business-people-near-minivan-taxi-460x306.jpg 460w, https:\/\/goo-vtc.fr\/wp-content\/uploads\/2025\/04\/female-chauffeur-waits-business-people-near-minivan-taxi-800x533.jpg 800w, https:\/\/goo-vtc.fr\/wp-content\/uploads\/2025\/04\/female-chauffeur-waits-business-people-near-minivan-taxi-600x400.jpg 600w\" sizes=\"auto, (max-width: 2560px) 100vw, 2560px\" \/><\/div>\n\t\t<\/figure>\n\t<\/div>\n<\/div><\/div><\/div><\/div><div class=\"vc_row-full-width vc_clearfix\"><\/div><div class=\"vc_row wpb_row vc_row-fluid\"><div class=\"wpb_column vc_column_container vc_col-sm-12\"><div class=\"vc_column-inner\"><div class=\"wpb_wrapper\">\n            <div class=\"theme-component-feature theme-component-feature-style-1\">\n                <div class=\"vc_row wpb_row vc_inner vc_row-fluid\"><div class=\"wpb_column vc_column_container vc_col-sm-3\"><div class=\"vc_column-inner\"><div class=\"wpb_wrapper\">\r\n            <div class=\"theme-component-feature-item\">\r\n                <span class=\"theme-icon-feature-garage theme-component-feature-item-icon\"><span><\/span><\/span>\r\n                <h4 class=\"theme-component-feature-item-header\">Safety first and foremost<\/h4><p>Trained and experienced professional drivers to guarantee you a worry-free journey.<\/p>\n\r\n            <\/div>\r\n        <\/div><\/div><\/div><div class=\"wpb_column vc_column_container vc_col-sm-3\"><div class=\"vc_column-inner\"><div class=\"wpb_wrapper\">\r\n            <div class=\"theme-component-feature-item\">\r\n                <span class=\"theme-icon-feature-paper-plane theme-component-feature-item-icon\"><span><\/span><\/span>\r\n                <h4 class=\"theme-component-feature-item-header\">Special rates<\/h4><p>Vehicles at the right price, for a VTC service that respects your budget without compromising on quality.<\/p>\n\r\n            <\/div>\r\n        <\/div><\/div><\/div><div class=\"wpb_column vc_column_container vc_col-sm-3\"><div class=\"vc_column-inner\"><div class=\"wpb_wrapper\">\r\n            <div class=\"theme-component-feature-item\">\r\n                <span class=\"theme-icon-feature-bus-1 theme-component-feature-item-icon\"><span><\/span><\/span>\r\n                <h4 class=\"theme-component-feature-item-header\">A varied fleet<\/h4><p>Sedans or vans: a wide range to meet all your transport needs.<\/p>\n\r\n            <\/div>\r\n        <\/div><\/div><\/div><div class=\"wpb_column vc_column_container vc_col-sm-3\"><div class=\"vc_column-inner\"><div class=\"wpb_wrapper\">\r\n            <div class=\"theme-component-feature-item\">\r\n                <span class=\"theme-icon-feature-road-pin theme-component-feature-item-icon\"><span><\/span><\/span>\r\n                <h4 class=\"theme-component-feature-item-header\">Service in \u00cele-de-France<\/h4><p>We will accompany you on all your journeys in the Paris region, with the same high standards of quality.<\/p>\n\r\n            <\/div>\r\n        <\/div><\/div><\/div><\/div>\n            <\/div>\n        <\/div><\/div><\/div><\/div><div data-vc-full-width=\"true\" data-vc-full-width-init=\"false\" class=\"vc_row wpb_row vc_row-fluid theme-column-style-2 vc_custom_1744720238468 vc_row-has-fill\"><div class=\"theme-margin-bottom-0 wpb_column vc_column_container vc_col-sm-12\"><div class=\"vc_column-inner\"><div class=\"wpb_wrapper\">\r\n            <div class=\"theme-component-header-subheader aligncenter theme-margin-bottom-30\">\r\n                <div class=\"theme-component-header-subheader-subheader\">WHY CHOOSE Goo-VTC?<\/div>\r\n                <h2 class=\"theme-component-header-subheader-header\">An impeccable VTC service<\/h2>\r\n            <\/div>\r\n        \r\n            <div class=\"theme-component-feature-circle\" data-item-first-radius=\"25\" style=\"height:700px;\">\r\n                \r\n                <div class=\"theme-component-feature-circle-circle\" style=\"width:340px;height:340px;margin-left:-170px;margin-top:-170px;\">\r\n                    <span>OUR COMMITMENTS<\/span><span><\/span>\r\n                <\/div>\r\n            \r\n                <div class=\"theme-component-feature-circle-circle\" style=\"width:510px;height:510px;margin-left:-255px;margin-top:-255px;\">\r\n                    \n            <div class=\"theme-component-feature-circle-item\" data-label_position=\"right\">\n                <span class=\"theme-component-feature-circle-item-circle\">\n                    <span class=\"theme-icon-meta-tick-3\"><\/span>\n                <\/span>\n                <span class=\"theme-component-feature-circle-item-label\">RELIABILITY - Always on time, always there.<\/span>\n            <\/div>\n        \n            <div class=\"theme-component-feature-circle-item\" data-label_position=\"right\">\n                <span class=\"theme-component-feature-circle-item-circle\">\n                    <span class=\"theme-icon-meta-tick-3\"><\/span>\n                <\/span>\n                <span class=\"theme-component-feature-circle-item-label\">COMFORT - Pleasant journeys in premium vehicles.<\/span>\n            <\/div>\n        \n            <div class=\"theme-component-feature-circle-item\" data-label_position=\"right\">\n                <span class=\"theme-component-feature-circle-item-circle\">\n                    <span class=\"theme-icon-meta-tick-3\"><\/span>\n                <\/span>\n                <span class=\"theme-component-feature-circle-item-label\">TRANSPARENCY - No hidden charges, everything is clear from the outset.<\/span>\n            <\/div>\n        \n            <div class=\"theme-component-feature-circle-item\" data-label_position=\"bottom\">\n                <span class=\"theme-component-feature-circle-item-circle\">\n                    <span class=\"theme-icon-meta-tick-3\"><\/span>\n                <\/span>\n                <span class=\"theme-component-feature-circle-item-label\">FLEXIBILITY - Book now or later, depending on your needs.<\/span>\n            <\/div>\n        \n            <div class=\"theme-component-feature-circle-item\" data-label_position=\"left\">\n                <span class=\"theme-component-feature-circle-item-circle\">\n                    <span class=\"theme-icon-meta-tick-3\"><\/span>\n                <\/span>\n                <span class=\"theme-component-feature-circle-item-label\">PROFESSIONALISM - Discreet, courteous and rigorous service.<\/span>\n            <\/div>\n        \n            <div class=\"theme-component-feature-circle-item\" data-label_position=\"left\">\n                <span class=\"theme-component-feature-circle-item-circle\">\n                    <span class=\"theme-icon-meta-tick-3\"><\/span>\n                <\/span>\n                <span class=\"theme-component-feature-circle-item-label\">AVAILABILITY - 24 hours a day, 7 days a week, anywhere in the Paris region.<\/span>\n            <\/div>\n        \n            <div class=\"theme-component-feature-circle-item\" data-label_position=\"left\">\n                <span class=\"theme-component-feature-circle-item-circle\">\n                    <span class=\"theme-icon-meta-tick-3\"><\/span>\n                <\/span>\n                <span class=\"theme-component-feature-circle-item-label\">SAFETY - Trained drivers, insured journeys.<\/span>\n            <\/div>\n        \r\n                <\/div>\r\n            \r\n                <div class=\"theme-component-feature-circle-circle\" style=\"width:600px;height:600px;margin-left:-300px;margin-top:-300px;\">\r\n                    \r\n                <\/div>\r\n            \r\n            <\/div>\r\n        \r\n                    <div class=\"theme-component-feature-circle-responsive\">\r\n                        <span>OUR COMMITMENTS <\/span>\r\n                        <div class=\"theme-component-list theme-component-list-style-2\"><ul><li>RELIABILITY - Always on time, always there.<\/li><li>COMFORT - Pleasant journeys in premium vehicles.<\/li><li>TRANSPARENCY - No hidden charges, everything is clear from the outset.<\/li><li>FLEXIBILITY - Book now or later, depending on your needs.<\/li><li>PROFESSIONALISM - Discreet, courteous and rigorous service.<\/li><li>AVAILABILITY - 24 hours a day, 7 days a week, anywhere in the Paris region.<\/li><li>SAFETY - Trained drivers, insured journeys.<\/li><\/ul><\/div>\r\n                    <\/div>\r\n                <\/div><\/div><\/div><\/div><div class=\"vc_row-full-width vc_clearfix\"><\/div><div class=\"vc_row wpb_row vc_row-fluid theme-margin-top-100\"><div class=\"theme-margin-bottom-0 wpb_column vc_column_container vc_col-sm-12\"><div class=\"vc_column-inner\"><div class=\"wpb_wrapper\">\r\n            <div class=\"theme-component-header-subheader aligncenter\">\r\n                <div class=\"theme-component-header-subheader-subheader\">YOUR TAILOR-MADE PRIVATE TRANSPORT<\/div>\r\n                <h2 class=\"theme-component-header-subheader-header\">A reliable, professional service tailored to all your travel needs<\/h2>\r\n            <\/div>\r\n        <\/div><\/div><\/div><\/div><div class=\"vc_row wpb_row vc_row-fluid theme-margin-bottom-60\"><div class=\"theme-margin-bottom-0 wpb_column vc_column_container vc_col-sm-6\"><div class=\"vc_column-inner\"><div class=\"wpb_wrapper\"><div class=\"vc_row wpb_row vc_row-fluid\"><div class=\"theme-margin-bottom-0 wpb_column vc_column_container vc_col-sm-12\"><div class=\"vc_column-inner\"><div class=\"wpb_wrapper\">\n            <div data-column_count=\"2\" class=\"theme-component-gallery theme-component-gallery-type-2 theme-component-gallery-effect-type-1 theme-margin-bottom-0\">\n                <ul>\n                    \r\n            <li class=\"theme-component-gallery-item-width-25\">\r\n                <a class=\"theme-image-fancybox\" data-fancybox-group=\"autoride-gallery-1\" href=\"https:\/\/goo-vtc.fr\/wp-content\/uploads\/2019\/10\/image_01-3.jpg\">\r\n                    <img decoding=\"async\" src=\"https:\/\/goo-vtc.fr\/wp-content\/uploads\/2022\/11\/businessman-phone-reading-newspaper-scaled.jpg\" alt=\"Image\"\/>\r\n                    \r\n                    <i><\/i>\r\n                <\/a>\r\n            <\/li>\r\n        \r\n            <li class=\"theme-component-gallery-item-width-25\">\r\n                <a class=\"theme-image-fancybox\" data-fancybox-group=\"autoride-gallery-1\" href=\"https:\/\/goo-vtc.fr\/wp-content\/uploads\/2019\/10\/image_02-3.jpg\">\r\n                    <img decoding=\"async\" src=\"https:\/\/goo-vtc.fr\/wp-content\/uploads\/2025\/04\/female-chauffeur-waits-business-people-near-minivan-taxi-scaled.jpg\" alt=\"Image\"\/>\r\n                    \r\n                    <i><\/i>\r\n                <\/a>\r\n            <\/li>\r\n        \r\n            <li class=\"theme-component-gallery-item-width-50\">\r\n                <a class=\"theme-image-fancybox\" data-fancybox-group=\"autoride-gallery-1\" href=\"https:\/\/goo-vtc.fr\/wp-content\/uploads\/2019\/10\/image_02-3.jpg\">\r\n                    <img decoding=\"async\" src=\"https:\/\/goo-vtc.fr\/wp-content\/uploads\/2022\/11\/elegant-uber-driver-giving-taxi-ride-scaled.jpg\" alt=\"Image\"\/>\r\n                    \r\n                    <i><\/i>\r\n                <\/a>\r\n            <\/li>\r\n        \r\n            <li class=\"theme-component-gallery-item-width-50\">\r\n                <a class=\"theme-image-fancybox\" data-fancybox-group=\"autoride-gallery-1\" href=\"https:\/\/goo-vtc.fr\/wp-content\/uploads\/2019\/10\/image_03-3.jpg\">\r\n                    <img decoding=\"async\" src=\"https:\/\/goo-vtc.fr\/wp-content\/uploads\/2025\/04\/driver-opening-door-businessman-scaled.jpg\" alt=\"Image\"\/>\r\n                    \r\n                    <i><\/i>\r\n                <\/a>\r\n            <\/li>\r\n        \n                <\/ul>\n            <\/div>\n        <\/div><\/div><\/div><\/div><\/div><\/div><\/div><div class=\"theme-margin-bottom-40 wpb_column vc_column_container vc_col-sm-6\"><div class=\"vc_column-inner\"><div class=\"wpb_wrapper\"><h3 style=\"text-align: center\" class=\"vc_custom_heading vc_do_custom_heading theme-margin-top-40\" >A solid structure to serve your travel needs<\/h3>\r\n            <p class=\"theme-component-paragraph-large theme-component-paragraph-large-style-1 aligncenter\">\r\n                For more than 5 years, Goo-VTC has been providing reliable, comfortable chauffeur services in the Paris region. Our professionalism is based on an experienced team, rigorous organisation and vehicles adapted to all customer profiles, whether for short or long-distance journeys or airport transfers.\r\n            <\/p>\r\n        \n            <div class=\"theme-component-counter-box theme-margin-top-60\" data-animation_duration=\"2000\">\n                <div class=\"vc_row wpb_row vc_inner vc_row-fluid\"><div class=\"wpb_column vc_column_container vc_col-sm-6\"><div class=\"vc_column-inner\"><div class=\"wpb_wrapper\">\n            <div class=\"theme-component-counter-box-item\" data-value=\"5\">\n                <span class=\"theme-component-counter-box-item-circle-1\"><\/span>\n                <span class=\"theme-component-counter-box-item-circle-2\"><\/span>\n                <span class=\"theme-component-counter-box-item-value\">0<\/span>\n                <span class=\"theme-component-counter-box-item-label\">Years of existence<\/span>\n                <span class=\"theme-component-counter-box-item-tick theme-icon-meta-tick-3\"><\/span>   \n            <\/div>\n        <\/div><\/div><\/div><div class=\"wpb_column vc_column_container vc_col-sm-6\"><div class=\"vc_column-inner\"><div class=\"wpb_wrapper\">\n            <div class=\"theme-component-counter-box-item\" data-value=\"2\">\n                <span class=\"theme-component-counter-box-item-circle-1\"><\/span>\n                <span class=\"theme-component-counter-box-item-circle-2\"><\/span>\n                <span class=\"theme-component-counter-box-item-value\">0<\/span>\n                <span class=\"theme-component-counter-box-item-label\">Type of vehicle<\/span>\n                <span class=\"theme-component-counter-box-item-tick theme-icon-meta-tick-3\"><\/span>   \n            <\/div>\n        <\/div><\/div><\/div><\/div>\n            <\/div>\n        \r\n            <div class=\"theme-component-button theme-component-button-style-1 aligncenter aligncenter\">\r\n                <a href=\"\/en\/qui-sommes-nous\/\" target=\"_self\">\r\n                    Find out more\r\n                <\/a>\r\n            <\/div>\r\n        <\/div><\/div><\/div><\/div><div data-vc-full-width=\"true\" data-vc-full-width-init=\"false\" class=\"vc_row wpb_row vc_row-fluid theme-column-style-2 theme-section-background-image-fixed vc_custom_1577702548892 vc_row-has-fill\"><div class=\"theme-margin-bottom-0 wpb_column vc_column_container vc_col-sm-12\"><div class=\"vc_column-inner\"><div class=\"wpb_wrapper\">\n            <div class=\"theme-component-call-to-action theme-component-call-to-action-style-1 aligncenter\">\n                <div class=\"theme-component-call-to-action-box\">\n                    <span class=\"theme-icon-feature-lighthouse theme-component-call-to-action-icon\"><span><\/span><\/span>\n                    <h4 class=\"theme-component-call-to-action-header\">MORE THAN JUST TRANSPORT, A TAILOR-MADE EXPERIENCE<\/h4>\n                    <p class=\"theme-component-call-to-action-subheader\">Don't waste any more time, book your journey with Goo-VTC now and enjoy a reliable, punctual and comfortable service in the Paris region.<\/p>\n                    \r\n            <div class=\"theme-component-button theme-component-button-style-2 alignleft theme-component-call-to-action-button\">\r\n                <a href=\"https:\/\/goo-vtc.fr\/en\/reservation\/\" target=\"_self\">\r\n                    Book now\r\n                <\/a>\r\n            <\/div>\r\n        \n                <\/div>\n            <\/div>\n        <\/div><\/div><\/div><\/div><div class=\"vc_row-full-width vc_clearfix\"><\/div>\n<\/div>","protected":false},"excerpt":{"rendered":"Un service VTC fiable, confortable et r\u00e9actif en \u00cele-de-FranceR\u00e9servez en quelques clics Plus besoin d'attendre : votre trajet se planifie en quelques secondes directement sur notre site. Choisissez l'heure, le lieu de d\u00e9part et d'arriv\u00e9e, et laissez-nous vous conduire. Un chauffeur \u00e0 votre \u00e9coute Professionnalisme, discr\u00e9tion et ponctualit\u00e9 : Goo-VTC met votre confort et votre [...]","protected":false},"author":1,"featured_media":0,"parent":0,"menu_order":0,"comment_status":"closed","ping_status":"closed","template":"","meta":{"footnotes":""},"class_list":["post-10388","page","type-page","status-publish","hentry"],"yoast_head":"<!-- This site is optimized with the Yoast SEO plugin v27.3 - https:\/\/yoast.com\/product\/yoast-seo-wordpress\/ -->\n<title>Chauffeur VTC en \u00cele-de-France \u2013 Goo-VTC<\/title>\n<meta name=\"description\" content=\"Service de chauffeur VTC fiable et disponible 7j\/7 en \u00cele-de-France. R\u00e9servez en ligne votre trajet avec Goo-VTC d\u00e8s maintenant.\" \/>\n<meta name=\"robots\" content=\"index, follow, max-snippet:-1, max-image-preview:large, max-video-preview:-1\" \/>\n<link rel=\"canonical\" href=\"https:\/\/goo-vtc.fr\/en\/\" \/>\n<meta property=\"og:locale\" content=\"en_GB\" \/>\n<meta property=\"og:type\" content=\"article\" \/>\n<meta property=\"og:title\" content=\"Chauffeur VTC en \u00cele-de-France \u2013 Goo-VTC\" \/>\n<meta property=\"og:description\" content=\"Service de chauffeur VTC fiable et disponible 7j\/7 en \u00cele-de-France. R\u00e9servez en ligne votre trajet avec Goo-VTC d\u00e8s maintenant.\" \/>\n<meta property=\"og:url\" content=\"https:\/\/goo-vtc.fr\/en\/\" \/>\n<meta property=\"og:site_name\" content=\"Goo-vtc\" \/>\n<meta property=\"article:modified_time\" content=\"2025-05-19T10:18:40+00:00\" \/>\n<meta name=\"twitter:card\" content=\"summary_large_image\" \/>\n<meta name=\"twitter:label1\" content=\"Estimated reading time\" \/>\n\t<meta name=\"twitter:data1\" content=\"3 minutes\" \/>\n<script type=\"application\/ld+json\" class=\"yoast-schema-graph\">{\"@context\":\"https:\\\/\\\/schema.org\",\"@graph\":[{\"@type\":\"WebPage\",\"@id\":\"https:\\\/\\\/goo-vtc.fr\\\/\",\"url\":\"https:\\\/\\\/goo-vtc.fr\\\/\",\"name\":\"Chauffeur VTC en \u00cele-de-France \u2013 Goo-VTC\",\"isPartOf\":{\"@id\":\"https:\\\/\\\/goo-vtc.fr\\\/#website\"},\"datePublished\":\"2019-09-24T07:31:51+00:00\",\"dateModified\":\"2025-05-19T10:18:40+00:00\",\"description\":\"Service de chauffeur VTC fiable et disponible 7j\\\/7 en \u00cele-de-France. R\u00e9servez en ligne votre trajet avec Goo-VTC d\u00e8s maintenant.\",\"breadcrumb\":{\"@id\":\"https:\\\/\\\/goo-vtc.fr\\\/#breadcrumb\"},\"inLanguage\":\"en-GB\",\"potentialAction\":[{\"@type\":\"ReadAction\",\"target\":[\"https:\\\/\\\/goo-vtc.fr\\\/\"]}]},{\"@type\":\"BreadcrumbList\",\"@id\":\"https:\\\/\\\/goo-vtc.fr\\\/#breadcrumb\",\"itemListElement\":[{\"@type\":\"ListItem\",\"position\":1,\"name\":\"Home\",\"item\":\"https:\\\/\\\/goo-vtc.fr\\\/\"},{\"@type\":\"ListItem\",\"position\":2,\"name\":\"Accueil\"}]},{\"@type\":\"WebSite\",\"@id\":\"https:\\\/\\\/goo-vtc.fr\\\/#website\",\"url\":\"https:\\\/\\\/goo-vtc.fr\\\/\",\"name\":\"Goo-vtc\",\"description\":\"Juste Goo-vtc\",\"potentialAction\":[{\"@type\":\"SearchAction\",\"target\":{\"@type\":\"EntryPoint\",\"urlTemplate\":\"https:\\\/\\\/goo-vtc.fr\\\/?s={search_term_string}\"},\"query-input\":{\"@type\":\"PropertyValueSpecification\",\"valueRequired\":true,\"valueName\":\"search_term_string\"}}],\"inLanguage\":\"en-GB\"}]}<\/script>\n<!-- \/ Yoast SEO plugin. -->","yoast_head_json":{"title":"VTC drivers in the Paris region - Goo-VTC","description":"Reliable VTC chauffeur service available 7 days a week in Ile-de-France. Book your journey online with Goo-VTC now.","robots":{"index":"index","follow":"follow","max-snippet":"max-snippet:-1","max-image-preview":"max-image-preview:large","max-video-preview":"max-video-preview:-1"},"canonical":"https:\/\/goo-vtc.fr\/en\/","og_locale":"en_GB","og_type":"article","og_title":"Chauffeur VTC en \u00cele-de-France \u2013 Goo-VTC","og_description":"Service de chauffeur VTC fiable et disponible 7j\/7 en \u00cele-de-France. R\u00e9servez en ligne votre trajet avec Goo-VTC d\u00e8s maintenant.","og_url":"https:\/\/goo-vtc.fr\/en\/","og_site_name":"Goo-vtc","article_modified_time":"2025-05-19T10:18:40+00:00","twitter_card":"summary_large_image","twitter_misc":{"Estimated reading time":"3 minutes"},"schema":{"@context":"https:\/\/schema.org","@graph":[{"@type":"WebPage","@id":"https:\/\/goo-vtc.fr\/","url":"https:\/\/goo-vtc.fr\/","name":"VTC drivers in the Paris region - Goo-VTC","isPartOf":{"@id":"https:\/\/goo-vtc.fr\/#website"},"datePublished":"2019-09-24T07:31:51+00:00","dateModified":"2025-05-19T10:18:40+00:00","description":"Reliable VTC chauffeur service available 7 days a week in Ile-de-France. Book your journey online with Goo-VTC now.","breadcrumb":{"@id":"https:\/\/goo-vtc.fr\/#breadcrumb"},"inLanguage":"en-GB","potentialAction":[{"@type":"ReadAction","target":["https:\/\/goo-vtc.fr\/"]}]},{"@type":"BreadcrumbList","@id":"https:\/\/goo-vtc.fr\/#breadcrumb","itemListElement":[{"@type":"ListItem","position":1,"name":"Home","item":"https:\/\/goo-vtc.fr\/"},{"@type":"ListItem","position":2,"name":"Accueil"}]},{"@type":"WebSite","@id":"https:\/\/goo-vtc.fr\/#website","url":"https:\/\/goo-vtc.fr\/","name":"Goo-vtc","description":"Just Goo-vtc","potentialAction":[{"@type":"SearchAction","target":{"@type":"EntryPoint","urlTemplate":"https:\/\/goo-vtc.fr\/?s={search_term_string}"},"query-input":{"@type":"PropertyValueSpecification","valueRequired":true,"valueName":"search_term_string"}}],"inLanguage":"en-GB"}]}},"_links":{"self":[{"href":"https:\/\/goo-vtc.fr\/en\/wp-json\/wp\/v2\/pages\/10388","targetHints":{"allow":["GET"]}}],"collection":[{"href":"https:\/\/goo-vtc.fr\/en\/wp-json\/wp\/v2\/pages"}],"about":[{"href":"https:\/\/goo-vtc.fr\/en\/wp-json\/wp\/v2\/types\/page"}],"author":[{"embeddable":true,"href":"https:\/\/goo-vtc.fr\/en\/wp-json\/wp\/v2\/users\/1"}],"replies":[{"embeddable":true,"href":"https:\/\/goo-vtc.fr\/en\/wp-json\/wp\/v2\/comments?post=10388"}],"version-history":[{"count":29,"href":"https:\/\/goo-vtc.fr\/en\/wp-json\/wp\/v2\/pages\/10388\/revisions"}],"predecessor-version":[{"id":23957,"href":"https:\/\/goo-vtc.fr\/en\/wp-json\/wp\/v2\/pages\/10388\/revisions\/23957"}],"wp:attachment":[{"href":"https:\/\/goo-vtc.fr\/en\/wp-json\/wp\/v2\/media?parent=10388"}],"curies":[{"name":"wp","href":"https:\/\/api.w.org\/{rel}","templated":true}]}}